{"id":14,"date":"2022-09-26T16:24:29","date_gmt":"2022-09-26T14:24:29","guid":{"rendered":"https:\/\/gitarrenwerkstatt.wordpress.com\/about\/"},"modified":"2022-11-15T10:35:44","modified_gmt":"2022-11-15T08:35:44","slug":"about","status":"publish","type":"page","link":"https:\/\/gitarrenwerkstatt-schneider.de\/?page_id=14","title":{"rendered":"\u00dcber mich"},"content":{"rendered":"\n<p>Hallo, ich bin Philipp und biete einen umfassenden, professionellen Gitarrenservice an.<\/p>\n\n\n\n<div class=\"wp-block-media-text alignfull is-stacked-on-mobile is-vertically-aligned-center is-image-fill has-background has-background-color has-text-color\" style=\"background-color:#212121;grid-template-columns:40% auto\"><figure class=\"wp-block-media-text__media\" style=\"background-image:url(https:\/\/gitarrenwerkstatt-schneider.de\/wp-content\/uploads\/2022\/10\/DSC01832-scaled.jpg);background-position:40% 25%\"><img loading=\"lazy\" decoding=\"async\" width=\"750\" height=\"500\" src=\"https:\/\/i0.wp.com\/gitarrenwerkstatt-schneider.de\/wp-content\/uploads\/2022\/10\/DSC01832-scaled.jpg?resize=750%2C500&#038;ssl=1\" alt=\"\" class=\"wp-image-244 size-full\" srcset=\"https:\/\/i0.wp.com\/gitarrenwerkstatt-schneider.de\/wp-content\/uploads\/2022\/10\/DSC01832-scaled.jpg?w=2560&amp;ssl=1 2560w, https:\/\/i0.wp.com\/gitarrenwerkstatt-schneider.de\/wp-content\/uploads\/2022\/10\/DSC01832-scaled.jpg?resize=300%2C200&amp;ssl=1 300w, https:\/\/i0.wp.com\/gitarrenwerkstatt-schneider.de\/wp-content\/uploads\/2022\/10\/DSC01832-scaled.jpg?resize=1024%2C683&amp;ssl=1 1024w, https:\/\/i0.wp.com\/gitarrenwerkstatt-schneider.de\/wp-content\/uploads\/2022\/10\/DSC01832-scaled.jpg?resize=768%2C512&amp;ssl=1 768w, https:\/\/i0.wp.com\/gitarrenwerkstatt-schneider.de\/wp-content\/uploads\/2022\/10\/DSC01832-scaled.jpg?resize=1536%2C1024&amp;ssl=1 1536w, https:\/\/i0.wp.com\/gitarrenwerkstatt-schneider.de\/wp-content\/uploads\/2022\/10\/DSC01832-scaled.jpg?resize=2048%2C1365&amp;ssl=1 2048w, https:\/\/i0.wp.com\/gitarrenwerkstatt-schneider.de\/wp-content\/uploads\/2022\/10\/DSC01832-scaled.jpg?resize=1568%2C1045&amp;ssl=1 1568w, https:\/\/i0.wp.com\/gitarrenwerkstatt-schneider.de\/wp-content\/uploads\/2022\/10\/DSC01832-scaled.jpg?w=2250&amp;ssl=1 2250w\" sizes=\"(max-width: 750px) 100vw, 750px\" data-recalc-dims=\"1\" \/><\/figure><div class=\"wp-block-media-text__content\">\n<div style=\"height:100px\" aria-hidden=\"true\" class=\"wp-block-spacer\"><\/div>\n\n\n<div class=\"wp-block-image is-style-rounded\">\n<figure class=\"aligncenter size-large is-resized wp-duotone-rgb000-d7d7d7-1\"><img loading=\"lazy\" decoding=\"async\" src=\"https:\/\/i0.wp.com\/gitarrenwerkstatt-schneider.de\/wp-content\/uploads\/2022\/11\/DSC01810-edited-1.jpg?resize=167%2C167&#038;ssl=1\" alt=\"\" class=\"wp-image-310\" width=\"167\" height=\"167\" srcset=\"https:\/\/i0.wp.com\/gitarrenwerkstatt-schneider.de\/wp-content\/uploads\/2022\/11\/DSC01810-edited-1.jpg?w=1820&amp;ssl=1 1820w, https:\/\/i0.wp.com\/gitarrenwerkstatt-schneider.de\/wp-content\/uploads\/2022\/11\/DSC01810-edited-1.jpg?resize=300%2C300&amp;ssl=1 300w, https:\/\/i0.wp.com\/gitarrenwerkstatt-schneider.de\/wp-content\/uploads\/2022\/11\/DSC01810-edited-1.jpg?resize=150%2C150&amp;ssl=1 150w, https:\/\/i0.wp.com\/gitarrenwerkstatt-schneider.de\/wp-content\/uploads\/2022\/11\/DSC01810-edited-1.jpg?resize=768%2C768&amp;ssl=1 768w, https:\/\/i0.wp.com\/gitarrenwerkstatt-schneider.de\/wp-content\/uploads\/2022\/11\/DSC01810-edited-1.jpg?resize=1536%2C1536&amp;ssl=1 1536w, https:\/\/i0.wp.com\/gitarrenwerkstatt-schneider.de\/wp-content\/uploads\/2022\/11\/DSC01810-edited-1.jpg?resize=1568%2C1568&amp;ssl=1 1568w\" sizes=\"(max-width: 167px) 100vw, 167px\" data-recalc-dims=\"1\" \/><\/figure><\/div>\n\n\n<h2 class=\"has-text-align-center has-background-color has-text-color wp-block-heading\" style=\"font-style:normal;font-weight:400;text-transform:capitalize\">Philipp Schneider<\/h2>\n\n\n\n<p>Was Musik kann, das kann nichts anderes! Instrumente, und somit auch Gitarren helfen uns dabei.&nbsp; Sie sind f\u00fcr viele Musiker nicht nur Gegenst\u00e4nde, sondern echte Wegbegleiter auf denen sie ihre Emotionen zum Ausdruck bringen k\u00f6nnen.<\/p>\n\n\n\n<p>Ich habe es mir zur Aufgabe gemacht Gitarren aller Art zu reparieren, umzubauen, zu optimieren und, zusammen mit dem Besitzer, heraus zu finden, was das Beste f\u00fcr ihn und seine Gitarre ist.<\/p>\n\n\n\n<p>Alles begann als ich 13 war und eine alte Framus fand, die schon lange im Kleiderschrank meiner Eltern war und zum Spielen erst einmal wieder fit gemacht werden musste. Das war gleichzeitig der Startschuss zum Gitarre spielen. &nbsp;Sp\u00e4ter, in der Ausbildung zum Elektroniker, kamen die ersten Anfragen &#8211; &nbsp;\u201eDu kannst doch jetzt l\u00f6ten???\u201c hie\u00df es, und schon waren die ersten Pickups getauscht. Ich besch\u00e4ftigte mich \u00fcber die Jahre immer intensiver mit Einstellarbeiten und irgendwann auch mit komplizierteren Reparaturen. Ende 2020 fasste ich dann den Entschluss: Ich werde eine Gitarrenwerkstatt er\u00f6ffnen.<\/p>\n\n\n\n<p>Das Arbeiten mit Gitarren ist zu meiner Berufung geworden. Ich bin mit Leidenschaft und Akribie bei der Sache und versuche, mich kontinuierlich weiter zu entwickeln. Mich begeistert einfach der Werkstoff Holz und all das, was man mit H\u00e4nden erschaffen oder durch oft schon kleine Handgriffe verbessern kann.<\/p>\n\n\n\n<p>Neben vielen Hobby-Gitarristen geh\u00f6ren auch Berufsmusiker aus ganz Deutschland zu meinen Kunden.<\/p>\n\n\n\n<p>Bis bald, in meiner Gitarrenwerksatt!<\/p>\n\n\n\n<p>Philipp<\/p>\n\n\n\n<div style=\"height:100px\" aria-hidden=\"true\" class=\"wp-block-spacer\"><\/div>\n<\/div><\/div>\n\n\n\n<div style=\"height:32px\" aria-hidden=\"true\" class=\"wp-block-spacer\"><\/div>\n","protected":false},"excerpt":{"rendered":"<p>Hallo, ich bin Philipp und biete einen umfassenden, professionellen Gitarrenservice an.<\/p>\n","protected":false},"author":1,"featured_media":0,"parent":0,"menu_order":1,"comment_status":"closed","ping_status":"closed","template":"","meta":{"footnotes":""},"jetpack_sharing_enabled":true,"_links":{"self":[{"href":"https:\/\/gitarrenwerkstatt-schneider.de\/index.php?rest_route=\/wp\/v2\/pages\/14"}],"collection":[{"href":"https:\/\/gitarrenwerkstatt-schneider.de\/index.php?rest_route=\/wp\/v2\/pages"}],"about":[{"href":"https:\/\/gitarrenwerkstatt-schneider.de\/index.php?rest_route=\/wp\/v2\/types\/page"}],"author":[{"embeddable":true,"href":"https:\/\/gitarrenwerkstatt-schneider.de\/index.php?rest_route=\/wp\/v2\/users\/1"}],"replies":[{"embeddable":true,"href":"https:\/\/gitarrenwerkstatt-schneider.de\/index.php?rest_route=%2Fwp%2Fv2%2Fcomments&post=14"}],"version-history":[{"count":9,"href":"https:\/\/gitarrenwerkstatt-schneider.de\/index.php?rest_route=\/wp\/v2\/pages\/14\/revisions"}],"predecessor-version":[{"id":674,"href":"https:\/\/gitarrenwerkstatt-schneider.de\/index.php?rest_route=\/wp\/v2\/pages\/14\/revisions\/674"}],"wp:attachment":[{"href":"https:\/\/gitarrenwerkstatt-schneider.de\/index.php?rest_route=%2Fwp%2Fv2%2Fmedia&parent=14"}],"curies":[{"name":"wp","href":"https:\/\/api.w.org\/{rel}","templated":true}]}}