{"id":15,"date":"2022-09-26T16:24:30","date_gmt":"2022-09-26T14:24:30","guid":{"rendered":"https:\/\/gitarrenwerkstatt.wordpress.com\/contact\/"},"modified":"2023-11-15T15:26:59","modified_gmt":"2023-11-15T13:26:59","slug":"contact","status":"publish","type":"page","link":"https:\/\/gitarrenwerkstatt-schneider.de\/?page_id=15","title":{"rendered":"Kontakt"},"content":{"rendered":"\n<div class=\"wp-block-columns alignfull is-layout-flex wp-container-core-columns-layout-1 wp-block-columns-is-layout-flex\" style=\"padding-top:0px;padding-right:0px;padding-bottom:0px;padding-left:0px\">\n<div class=\"wp-block-column is-layout-flow wp-block-column-is-layout-flow\" style=\"padding-left:20px\">\n<p>Du m\u00f6chtest mit deiner Gitarre bei mir vorbei kommen oder hast eine Frage an mich? Dann ruf mich einfach an, schreib mir eine Nachricht \u00fcber WhatsApp, eine Email oder nutze mein Kontaktformular. Alle Kontaktdaten, die du daf\u00fcr ben\u00f6tigst, findest du auf dieser Seite!<\/p>\n\n\n\n<figure class=\"wp-block-table is-style-stripes\"><table><tbody><tr><td>Telefonnummer<\/td><td>0151 65139765<\/td><\/tr><tr><td>E-Mail<\/td><td>info@gitarrenwerkstatt-schneider.de<\/td><\/tr><tr><td>Facebook<\/td><td><a href=\"https:\/\/www.facebook.com\/gitarrenwerkstatt.philipp.schneider\/\">gitarrenwerkstatt.philipp.schneider<\/a><\/td><\/tr><tr><td>Anschrift<\/td><td>In der Hohl 18<br>57234 Wilnsdorf (OT Obersdorf)<\/td><\/tr><\/tbody><\/table><\/figure>\n<\/div>\n\n\n\n<div class=\"wp-block-column has-background-color has-text-color has-background is-layout-flow wp-block-column-is-layout-flow\" style=\"background-color:#212121;padding-top:20px;padding-right:20px;padding-bottom:20px;padding-left:20px\">\n<h2 class=\"wp-block-heading\">Kontaktformular<\/h2>\n\n\n<div class=\"wp-block-jetpack-contact-form\"><a href=\"https:\/\/gitarrenwerkstatt-schneider.de\/?page_id=15\" target=\"_blank\" rel=\"noopener noreferrer\">Formular einreichen.<\/a><\/div><\/div>\n<\/div>\n\n\n\n<div class=\"wp-block-media-text alignfull has-media-on-the-right is-stacked-on-mobile has-background-color has-text-color has-background\" style=\"background-color:#212121;padding-top:0;padding-right:0;padding-bottom:0;padding-left:0\"><div class=\"wp-block-media-text__content\">\n<p>Meine Gitarrenwerkstatt findest du im Wilnsdorfer Ortsteil Obersdorf. Mitten in Obersdorf biegst du einfach beim Friseur in die Stra\u00dfe &#8222;In der Hohl&#8220; ein, f\u00e4hrst ca. hundert Meter die Stra\u00dfe hoch und schon siehst du auf der rechten Stra\u00dfenseite mein Schild.<\/p>\n<\/div><figure class=\"wp-block-media-text__media\"><img loading=\"lazy\" decoding=\"async\" width=\"723\" height=\"645\" src=\"https:\/\/i0.wp.com\/gitarrenwerkstatt-schneider.de\/wp-content\/uploads\/2022\/11\/MapWithLines.png?resize=723%2C645&#038;ssl=1\" alt=\"\" class=\"wp-image-338 size-full\" srcset=\"https:\/\/i0.wp.com\/gitarrenwerkstatt-schneider.de\/wp-content\/uploads\/2022\/11\/MapWithLines.png?w=723&amp;ssl=1 723w, https:\/\/i0.wp.com\/gitarrenwerkstatt-schneider.de\/wp-content\/uploads\/2022\/11\/MapWithLines.png?resize=300%2C268&amp;ssl=1 300w\" sizes=\"(max-width: 723px) 100vw, 723px\" data-recalc-dims=\"1\" \/><\/figure><\/div>\n","protected":false},"excerpt":{"rendered":"<p>Du m\u00f6chtest mit deiner Gitarre bei mir vorbei kommen oder hast eine Frage an mich? Dann ruf mich einfach an, schreib mir eine Nachricht \u00fcber WhatsApp, eine Email oder nutze mein Kontaktformular. Alle Kontaktdaten, die du daf\u00fcr ben\u00f6tigst, findest du auf dieser Seite! Telefonnummer 0151 65139765 E-Mail info@gitarrenwerkstatt-schneider.de Facebook gitarrenwerkstatt.philipp.schneider Anschrift In der Hohl 1857234<a class=\"more-link\" href=\"https:\/\/gitarrenwerkstatt-schneider.de\/?page_id=15\"><span class=\"screen-reader-text\">&#8222;Kontakt&#8220;<\/span> weiterlesen<\/a><\/p>\n","protected":false},"author":1,"featured_media":0,"parent":0,"menu_order":1,"comment_status":"closed","ping_status":"closed","template":"","meta":{"footnotes":""},"jetpack_sharing_enabled":true,"_links":{"self":[{"href":"https:\/\/gitarrenwerkstatt-schneider.de\/index.php?rest_route=\/wp\/v2\/pages\/15"}],"collection":[{"href":"https:\/\/gitarrenwerkstatt-schneider.de\/index.php?rest_route=\/wp\/v2\/pages"}],"about":[{"href":"https:\/\/gitarrenwerkstatt-schneider.de\/index.php?rest_route=\/wp\/v2\/types\/page"}],"author":[{"embeddable":true,"href":"https:\/\/gitarrenwerkstatt-schneider.de\/index.php?rest_route=\/wp\/v2\/users\/1"}],"replies":[{"embeddable":true,"href":"https:\/\/gitarrenwerkstatt-schneider.de\/index.php?rest_route=%2Fwp%2Fv2%2Fcomments&post=15"}],"version-history":[{"count":28,"href":"https:\/\/gitarrenwerkstatt-schneider.de\/index.php?rest_route=\/wp\/v2\/pages\/15\/revisions"}],"predecessor-version":[{"id":859,"href":"https:\/\/gitarrenwerkstatt-schneider.de\/index.php?rest_route=\/wp\/v2\/pages\/15\/revisions\/859"}],"wp:attachment":[{"href":"https:\/\/gitarrenwerkstatt-schneider.de\/index.php?rest_route=%2Fwp%2Fv2%2Fmedia&parent=15"}],"curies":[{"name":"wp","href":"https:\/\/api.w.org\/{rel}","templated":true}]}}