{"id":192,"date":"2022-10-01T16:08:58","date_gmt":"2022-10-01T14:08:58","guid":{"rendered":"https:\/\/gitarrenwerkstatt-schneider.de\/?page_id=192"},"modified":"2023-11-27T10:25:03","modified_gmt":"2023-11-27T08:25:03","slug":"leistungen","status":"publish","type":"page","link":"https:\/\/gitarrenwerkstatt-schneider.de\/?page_id=192","title":{"rendered":"Leistungen"},"content":{"rendered":"\n<p>Hier findest du Informationen zu den Leistungen die ich anbiete und eine Preisliste, an der ich mich orientiere, damit du eine Idee hast, was dich finanziell erwartet. <\/p>\n\n\n\n<div class=\"wp-block-media-text alignfull has-media-on-the-right is-stacked-on-mobile is-image-fill has-background-color has-text-color has-background\" style=\"background-color:#212121\"><div class=\"wp-block-media-text__content\">\n<p>Meine Leistungen sind recht umfangreich.<\/p>\n\n\n\n<p>Vom Saitenwechsel \u00fcber eine Neubundierung bis hin zum Bau einer komplett eigenen, deiner ganz pers\u00f6nlichen Customshop-Gitarre ist fast alles m\u00f6glich. Individuelle W\u00fcnsche nehme ich immer gerne an!<\/p>\n\n\n\n<p>Dank meines Berufs als Elektroniker kenne ich mich auch im technischen &nbsp;Bereich sehr gut aus. Nicht nur, wenn es um die Elektronik von Gitarren geht, sondern auch bei Bodeneffekten oder Amps.<\/p>\n\n\n\n<p>Kabel stelle ich auf Wunsch auch her.&nbsp; In jeder erdenklichen Art und Spezifikation&nbsp; \u2013&nbsp; Einfach anfragen!<\/p>\n<\/div><figure class=\"wp-block-media-text__media\" style=\"background-image:url(https:\/\/gitarrenwerkstatt-schneider.de\/wp-content\/uploads\/2022\/10\/DSC01741-1024x683.jpg);background-position:50% 50%\"><img loading=\"lazy\" decoding=\"async\" width=\"750\" height=\"500\" src=\"https:\/\/i0.wp.com\/gitarrenwerkstatt-schneider.de\/wp-content\/uploads\/2022\/10\/DSC01741.jpg?resize=750%2C500&#038;ssl=1\" alt=\"\" class=\"wp-image-218 size-full\" srcset=\"https:\/\/i0.wp.com\/gitarrenwerkstatt-schneider.de\/wp-content\/uploads\/2022\/10\/DSC01741-scaled.jpg?resize=1024%2C683&amp;ssl=1 1024w, https:\/\/i0.wp.com\/gitarrenwerkstatt-schneider.de\/wp-content\/uploads\/2022\/10\/DSC01741-scaled.jpg?resize=300%2C200&amp;ssl=1 300w, https:\/\/i0.wp.com\/gitarrenwerkstatt-schneider.de\/wp-content\/uploads\/2022\/10\/DSC01741-scaled.jpg?resize=768%2C512&amp;ssl=1 768w, https:\/\/i0.wp.com\/gitarrenwerkstatt-schneider.de\/wp-content\/uploads\/2022\/10\/DSC01741-scaled.jpg?resize=1536%2C1024&amp;ssl=1 1536w, https:\/\/i0.wp.com\/gitarrenwerkstatt-schneider.de\/wp-content\/uploads\/2022\/10\/DSC01741-scaled.jpg?resize=2048%2C1365&amp;ssl=1 2048w, https:\/\/i0.wp.com\/gitarrenwerkstatt-schneider.de\/wp-content\/uploads\/2022\/10\/DSC01741-scaled.jpg?resize=1568%2C1045&amp;ssl=1 1568w, https:\/\/i0.wp.com\/gitarrenwerkstatt-schneider.de\/wp-content\/uploads\/2022\/10\/DSC01741-scaled.jpg?w=2250&amp;ssl=1 2250w\" sizes=\"(max-width: 750px) 100vw, 750px\" data-recalc-dims=\"1\" \/><\/figure><\/div>\n\n\n\n<div class=\"wp-block-media-text alignfull is-stacked-on-mobile is-image-fill has-background-color has-text-color has-background\" style=\"background-color:#4c0000\"><figure class=\"wp-block-media-text__media\" style=\"background-image:url(https:\/\/gitarrenwerkstatt-schneider.de\/wp-content\/uploads\/2022\/10\/DSC01777-683x1024.jpg);background-position:63% 49%\"><img loading=\"lazy\" decoding=\"async\" width=\"683\" height=\"1024\" src=\"https:\/\/i0.wp.com\/gitarrenwerkstatt-schneider.de\/wp-content\/uploads\/2022\/10\/DSC01777.jpg?resize=683%2C1024&#038;ssl=1\" alt=\"\" class=\"wp-image-231 size-full\" srcset=\"https:\/\/i0.wp.com\/gitarrenwerkstatt-schneider.de\/wp-content\/uploads\/2022\/10\/DSC01777-scaled.jpg?resize=683%2C1024&amp;ssl=1 683w, https:\/\/i0.wp.com\/gitarrenwerkstatt-schneider.de\/wp-content\/uploads\/2022\/10\/DSC01777-scaled.jpg?resize=200%2C300&amp;ssl=1 200w, https:\/\/i0.wp.com\/gitarrenwerkstatt-schneider.de\/wp-content\/uploads\/2022\/10\/DSC01777-scaled.jpg?resize=768%2C1152&amp;ssl=1 768w, https:\/\/i0.wp.com\/gitarrenwerkstatt-schneider.de\/wp-content\/uploads\/2022\/10\/DSC01777-scaled.jpg?resize=1024%2C1536&amp;ssl=1 1024w, https:\/\/i0.wp.com\/gitarrenwerkstatt-schneider.de\/wp-content\/uploads\/2022\/10\/DSC01777-scaled.jpg?resize=1365%2C2048&amp;ssl=1 1365w, https:\/\/i0.wp.com\/gitarrenwerkstatt-schneider.de\/wp-content\/uploads\/2022\/10\/DSC01777-scaled.jpg?resize=1568%2C2352&amp;ssl=1 1568w, https:\/\/i0.wp.com\/gitarrenwerkstatt-schneider.de\/wp-content\/uploads\/2022\/10\/DSC01777-scaled.jpg?w=1707&amp;ssl=1 1707w, https:\/\/i0.wp.com\/gitarrenwerkstatt-schneider.de\/wp-content\/uploads\/2022\/10\/DSC01777-scaled.jpg?w=1500&amp;ssl=1 1500w\" sizes=\"(max-width: 683px) 100vw, 683px\" data-recalc-dims=\"1\" \/><\/figure><div class=\"wp-block-media-text__content\">\n<h2 class=\"wp-block-heading\">Preisliste<\/h2>\n\n\n\n<h5 class=\"wp-block-heading\">Diese Preise sind Einzelpreise und k\u00f6nnen je nach Umfang des Auftrags oder des Aufwands angepasst werden!<\/h5>\n\n\n\n<p>Alle Preise beinhalten 19% MwSt.<\/p>\n\n\n\n<figure class=\"wp-block-table is-style-regular has-small-font-size\" style=\"line-height:1.4\"><table><tbody><tr><td><strong>Saitenwechsel&nbsp; <\/strong><br>(Klassisch, 12 Saitig, divers<strong>&nbsp;+ 5,- \u20ac<\/strong>)<\/td><td><strong>20,- \u20ac<\/strong><\/td><\/tr><tr><td><strong>Setup <\/strong>(Sattel, Halskr\u00fcmmung, Saitenlage, Intonation)<\/td><td><strong>60,- \u20ac<\/strong><\/td><\/tr><tr><td>&#8211; <strong style=\"font-style: italic;\">Aufpreis<\/strong><i> Tremolo-System<\/i><\/td><td><strong>20,- \u20ac<\/strong><br><strong>FR 25,- \u20ac<\/strong><\/td><\/tr><tr><td><strong>Service <\/strong>(Gitarre reinigen, aufbereiten, Griffbrett reinigen und \u00f6len, B\u00fcnde polieren, Mechaniken nachstellen\/\u00f6len)<\/td><td><strong>100,- \u20ac<\/strong><\/td><\/tr><tr><td><strong>B\u00fcnde abrichten<\/strong> inkl. Setup&nbsp;<\/td><td><strong>175,- \u20ac<\/strong><\/td><\/tr><tr><td><strong>B\u00fcnde seitlich abrichten<\/strong>, verrunden&nbsp;<\/td><td><strong>70,- \u20ac<\/strong><\/td><\/tr><tr><td><strong>Neubundierung <\/strong>inkl. Setup&nbsp;<\/td><td><strong>330,- \u20ac<\/strong><\/td><\/tr><tr><td>&#8211; <strong style=\"font-style: italic;\">Aufpreis<\/strong><i> Hals abrichten<\/i><\/td><td>7<strong>0,- \u20ac<\/strong><\/td><\/tr><tr><td>&#8211; <strong style=\"font-style: italic;\">Aufpreis <\/strong><i>Lackierung bei einteiligem Hals<\/i><\/td><td><strong>200,- \u20ac<\/strong><\/td><\/tr><tr><td>&#8211; <strong style=\"font-style: italic;\">Aufpreis <\/strong><i>Edelstahlb\u00fcnde<\/i><\/td><td><strong>85,- \u20ac<\/strong><\/td><\/tr><tr><td><strong>Neuer Knochensattel<\/strong> (Ma\u00dfanfertigung)<\/td><td><strong>60,- \u20ac<\/strong><\/td><\/tr><tr><td><strong>Neuer Messingsattel <\/strong>(Ma\u00dfanfertigung)<\/td><td><strong>150,- \u20ac<\/strong><\/td><\/tr><tr><td><strong>Neue Stegeinlage<\/strong>&nbsp;<\/td><td><strong>40,- \u20ac<\/strong><\/td><\/tr><tr><td><strong>Reparatur Hals-\/Kopfbruch<\/strong> ohne Lackierarbeiten<\/td><td><strong>ab 125,- \u20ac<\/strong><\/td><\/tr><tr><td><strong>Sonstige Arbeiten wie: <\/strong><br>&#8211; Tonabnehmer ein-\/umbauten <strong>(ca. 60 \u20ac jeder weitere 15 \u20ac)<\/strong><br>&#8211; Tonabnehmer ein-\/umbauten in akustischen Gitarren<br>&#8211; Smart-Repair Lackierung <br>&#8211; Verkabelung Elektrik\/Elektronik <br>&#8211; St\u00f6rger\u00e4usche beseitigen, z.B. Brummen oder Wackelkontakte <br>&#8211; Elektrische Probleme <br>&#8211; Teile tauschen <br>&#8211; Steg anpassen und neu aufleimen<strong> (ca. 150 \u20ac)<\/strong><br>&#8211; Holzarbeiten z.B. Ausbr\u00fcche<br>&#8211; Umbauten und diverses<br>&#8211; Amp Reparaturen<br>&#8211; Sonstige Reparaturen<\/td><td><strong>nach Aufwand<\/strong><\/td><\/tr><\/tbody><\/table><\/figure>\n<\/div><\/div>\n\n\n\n<div class=\"wp-block-cover alignfull\" style=\"min-height:450px\"><span aria-hidden=\"true\" class=\"wp-block-cover__background has-background-dim\"><\/span><img loading=\"lazy\" decoding=\"async\" width=\"750\" height=\"500\" class=\"wp-block-cover__image-background wp-image-220\" alt=\"\" src=\"https:\/\/i0.wp.com\/gitarrenwerkstatt-schneider.de\/wp-content\/uploads\/2022\/10\/DSC01744-scaled.jpg?resize=750%2C500&#038;ssl=1\" data-object-fit=\"cover\" srcset=\"https:\/\/i0.wp.com\/gitarrenwerkstatt-schneider.de\/wp-content\/uploads\/2022\/10\/DSC01744-scaled.jpg?w=2560&amp;ssl=1 2560w, https:\/\/i0.wp.com\/gitarrenwerkstatt-schneider.de\/wp-content\/uploads\/2022\/10\/DSC01744-scaled.jpg?resize=300%2C200&amp;ssl=1 300w, https:\/\/i0.wp.com\/gitarrenwerkstatt-schneider.de\/wp-content\/uploads\/2022\/10\/DSC01744-scaled.jpg?resize=1024%2C683&amp;ssl=1 1024w, https:\/\/i0.wp.com\/gitarrenwerkstatt-schneider.de\/wp-content\/uploads\/2022\/10\/DSC01744-scaled.jpg?resize=768%2C512&amp;ssl=1 768w, https:\/\/i0.wp.com\/gitarrenwerkstatt-schneider.de\/wp-content\/uploads\/2022\/10\/DSC01744-scaled.jpg?resize=1536%2C1024&amp;ssl=1 1536w, https:\/\/i0.wp.com\/gitarrenwerkstatt-schneider.de\/wp-content\/uploads\/2022\/10\/DSC01744-scaled.jpg?resize=2048%2C1365&amp;ssl=1 2048w, https:\/\/i0.wp.com\/gitarrenwerkstatt-schneider.de\/wp-content\/uploads\/2022\/10\/DSC01744-scaled.jpg?resize=1568%2C1045&amp;ssl=1 1568w, https:\/\/i0.wp.com\/gitarrenwerkstatt-schneider.de\/wp-content\/uploads\/2022\/10\/DSC01744-scaled.jpg?w=2250&amp;ssl=1 2250w\" sizes=\"(max-width: 750px) 100vw, 750px\" data-recalc-dims=\"1\" \/><div class=\"wp-block-cover__inner-container is-layout-flow wp-block-cover-is-layout-flow\">\n<h3 class=\"wp-block-heading has-text-align-center\">Interesse geweckt?<\/h3>\n\n\n\n<p class=\"has-text-align-center has-large-font-size\">Schau dir bisherige Projekte an und \u00fcberzeuge dich selbst oder nimm direkt Kontakt zu mir auf!<\/p>\n\n\n\n<div class=\"wp-block-buttons is-content-justification-center is-layout-flex wp-container-core-buttons-layout-1 wp-block-buttons-is-layout-flex\">\n<div class=\"wp-block-button\"><a class=\"wp-block-button__link has-background wp-element-button\" href=\"https:\/\/gitarrenwerkstatt-schneider.de\/?page_id=340\" style=\"background-color:#4c0000\">Zur Projekt\u00fcbersicht<\/a><\/div>\n\n\n\n<div class=\"wp-block-button\"><a class=\"wp-block-button__link has-background wp-element-button\" href=\"https:\/\/gitarrenwerkstatt-schneider.de\/?page_id=15\" style=\"background-color:#4c0000\">Zur Kontaktseite<\/a><\/div>\n<\/div>\n<\/div><\/div>\n","protected":false},"excerpt":{"rendered":"<p>Hier findest du Informationen zu den Leistungen die ich anbiete und eine Preisliste, an der ich mich orientiere, damit du eine Idee hast, was dich finanziell erwartet. Meine Leistungen sind recht umfangreich. Vom Saitenwechsel \u00fcber eine Neubundierung bis hin zum Bau einer komplett eigenen, deiner ganz pers\u00f6nlichen Customshop-Gitarre ist fast alles m\u00f6glich. Individuelle W\u00fcnsche nehme<a class=\"more-link\" href=\"https:\/\/gitarrenwerkstatt-schneider.de\/?page_id=192\"><span class=\"screen-reader-text\">&#8222;Leistungen&#8220;<\/span> weiterlesen<\/a><\/p>\n","protected":false},"author":1,"featured_media":0,"parent":0,"menu_order":0,"comment_status":"closed","ping_status":"closed","template":"","meta":{"footnotes":""},"jetpack_sharing_enabled":true,"_links":{"self":[{"href":"https:\/\/gitarrenwerkstatt-schneider.de\/index.php?rest_route=\/wp\/v2\/pages\/192"}],"collection":[{"href":"https:\/\/gitarrenwerkstatt-schneider.de\/index.php?rest_route=\/wp\/v2\/pages"}],"about":[{"href":"https:\/\/gitarrenwerkstatt-schneider.de\/index.php?rest_route=\/wp\/v2\/types\/page"}],"author":[{"embeddable":true,"href":"https:\/\/gitarrenwerkstatt-schneider.de\/index.php?rest_route=\/wp\/v2\/users\/1"}],"replies":[{"embeddable":true,"href":"https:\/\/gitarrenwerkstatt-schneider.de\/index.php?rest_route=%2Fwp%2Fv2%2Fcomments&post=192"}],"version-history":[{"count":19,"href":"https:\/\/gitarrenwerkstatt-schneider.de\/index.php?rest_route=\/wp\/v2\/pages\/192\/revisions"}],"predecessor-version":[{"id":866,"href":"https:\/\/gitarrenwerkstatt-schneider.de\/index.php?rest_route=\/wp\/v2\/pages\/192\/revisions\/866"}],"wp:attachment":[{"href":"https:\/\/gitarrenwerkstatt-schneider.de\/index.php?rest_route=%2Fwp%2Fv2%2Fmedia&parent=192"}],"curies":[{"name":"wp","href":"https:\/\/api.w.org\/{rel}","templated":true}]}}